{"id":17,"date":"2022-04-29T15:10:27","date_gmt":"2022-04-29T15:10:27","guid":{"rendered":"https:\/\/www.lekcjapolskiego.com\/?page_id=17"},"modified":"2022-05-13T14:06:59","modified_gmt":"2022-05-13T14:06:59","slug":"opinie","status":"publish","type":"page","link":"https:\/\/www.lekcjapolskiego.com\/uk\/opinie\/","title":{"rendered":"Opinie uczni\u00f3w oraz rodzic\u00f3w"},"content":{"rendered":"<p class=\"first-paragraph\">\u0412\u0456\u0434\u0433\u0443\u043a\u0438&nbsp;<\/p>\n<div class=\"content-container has-background\">\n    <h1 class=\"has-background\">\u0412\u0456\u0434\u0433\u0443\u043a\u0438<\/h1>\n    <div class=\"opinions\">\n        <div class=\"opinion first-opinion\"> \n            <div class=\"opinion-header\">\u0410\u043b\u0456\u043d\u0430, 20 \u043a\u0432\u0456\u0442\u043d\u044f 2022 \u0440.<\/div>\n            <div class=\"opinion-text\">\n                <p class=\"has-text-align-justify has-background\"> \n                    \u0417\u0430\u0432\u0434\u044f\u043a\u0438 \u043f\u0430\u043d\u0456 \u0406\u0437\u0456 \u044f \u043c\u043e\u0436\u0443 \u0431\u0456\u043b\u044c\u0448\u0435 \u0433\u043e\u0432\u043e\u0440\u0438\u0442\u0438 \u043f\u043e\u043b\u044c\u0441\u044c\u043a\u043e\u044e, \u0433\u0440\u0430\u043c\u0430\u0442\u0438\u043a\u0430 \u0432\u0436\u0435 \u043d\u0435 \u0442\u0430\u043a\u0430 \u0441\u0442\u0440\u0430\u0448\u043d\u0430. \u042f \u0445\u043e\u0447\u0443 \u0431\u0456\u043b\u044c\u0448\u0435 \u0434\u0456\u0437\u043d\u0430\u0442\u0438\u0441\u044f \u043f\u0440\u043e \u043f\u043e\u043b\u044c\u0441\u044c\u043a\u0443 \u043c\u043e\u0432\u0443 \u0442\u0456\u043b\u044c\u043a\u0438 \u0437 \u043f\u0430\u043d\u0456 \u0406\u0433\u043e\u044e! \n                <\/p>\n            <\/div>\n        <\/div>\n        <div class=\"opinion sec-opinion\">\n            <div class=\"opinion-header\">\u0410\u0440\u043c\u0456\u0434\u0430, 14 \u0431\u0435\u0440\u0435\u0437\u043d\u044f 2022 \u0440.<\/div>\n            <div class=\"opinion-text\">\n                <p class=\"has-text-align-justify has-background\">\n                    \u041f\u0430\u043d\u0456 \u0406\u0433\u0430 \u0434\u0443\u0436\u0435 \u0443\u0432\u0430\u0436\u043d\u043e \u043f\u043e\u044f\u0441\u043d\u044e\u0454 \u043c\u0430\u0442\u0435\u0440\u0456\u0430\u043b, \u0434\u0430\u0454 \u0440\u0435\u0442\u0435\u043b\u044c\u043d\u043e \u043f\u0456\u0434\u0433\u043e\u0442\u043e\u0432\u043b\u0435\u043d\u0456 \u043a\u043e\u043d\u0441\u043f\u0435\u043a\u0442\u0438 \u0442\u0430 \u0431\u0430\u0433\u0430\u0442\u043e \u0437\u0430\u0432\u0434\u0430\u043d\u044c, \u0442\u0430\u043a\u043e\u0436 \u043c\u043e\u0436\u043d\u0430 \u043f\u0440\u043e \u0432\u0441\u0435 \u0437\u0430\u043f\u0438\u0442\u0430\u0442\u0438 \u0442\u0430 \u0440\u043e\u0437\u0432\u0456\u044f\u0442\u0438 \u0431\u0443\u0434\u044c-\u044f\u043a\u0456 \u0441\u0443\u043c\u043d\u0456\u0432\u0438! \u041a\u0440\u0456\u043c \u0442\u043e\u0433\u043e, \u0432\u043e\u043d\u0430 \u0434\u0443\u0436\u0435 \u043c\u0438\u043b\u0430 \u043b\u044e\u0434\u0438\u043d\u0430, \u0442\u043e\u043c\u0443 \u0437\u0430\u043d\u044f\u0442\u0442\u044f \u0437 \u043d\u0435\u044e \u2013 \u0441\u0443\u0446\u0456\u043b\u044c\u043d\u0435 \u0437\u0430\u0434\u043e\u0432\u043e\u043b\u0435\u043d\u043d\u044f. \u042f \u0431\u0435\u0437 \u043f\u0440\u043e\u0431\u043b\u0435\u043c \u043f\u043e\u0432\u0442\u043e\u0440\u0438\u043b\u0430 \u0432\u0435\u0441\u044c \u043c\u0430\u0442\u0435\u0440\u0456\u0430\u043b \u0434\u043b\u044f \u043f\u043e\u043b\u044c\u0441\u044c\u043a\u043e\u0433\u043e \u0441\u0435\u0440\u0442\u0438\u0444\u0456\u043a\u0430\u0446\u0456\u0439\u043d\u043e\u0433\u043e \u0456\u0441\u043f\u0438\u0442\u0443 B1! \u0406\u043d\u043e\u0434\u0456 \u0432 \u0437\u0430\u043d\u044f\u0442\u0442\u044f\u0445 \u0431\u0435\u0440\u0435 \u0443\u0447\u0430\u0441\u0442\u044c \u0456 \u043a\u0456\u0442 \u041b\u044e\u0446\u0456\u044f\u043d, \u0437\u0430\u0432\u0434\u044f\u043a\u0438 \u0447\u043e\u043c\u0443 \u0437\u0430\u043d\u044f\u0442\u0442\u044f \u0441\u0442\u0430\u044e\u0442\u044c \u0449\u0435 \u0446\u0456\u043a\u0430\u0432\u0456\u0448\u0438\u043c\u0438.             \n                <\/p>\n            <\/div>\n        <\/div>\n        <div class=\"opinion third-opinion\">\n            <div class=\"opinion-header\">\u041d\u0430\u0442\u0430\u043b\u0456\u044f 17 \u0442\u0440\u0430\u0432\u043d\u044f 2021 p.<\/div>\n            <div class=\"opinion-text\">\n                <p class=\"has-text-align-justify has-background\">\n                    \u0411\u0443\u0434\u0443\u0447\u0438 \u0441\u0442\u0443\u0434\u0435\u043d\u0442\u043a\u043e\u044e \u043a\u043b\u0430\u0441\u0443 \u043c\u0430\u0442\u0435\u043c\u0430\u0442\u0438\u043a\u0438 \u0442\u0430 \u0456\u043d\u0444\u043e\u0440\u043c\u0430\u0442\u0438\u043a\u0438, \u044f \u0432\u0438\u0440\u0456\u0448\u0438\u043b\u0430 \u0441\u043f\u0456\u0432\u043f\u0440\u0430\u0446\u044e\u0432\u0430\u0442\u0438 \u0437 \u0406\u0433\u043e\u044e \u0443 \u0432\u0438\u043f\u0443\u0441\u043a\u043d\u043e\u043c\u0443 \u043a\u043b\u0430\u0441\u0456. \u041f\u0440\u043e\u0442\u044f\u0433\u043e\u043c 9 \u043c\u0456\u0441\u044f\u0446\u0456\u0432 \u0446\u0435 \u0434\u043e\u043f\u043e\u043c\u043e\u0433\u043b\u043e \u043c\u0435\u043d\u0456 \u0437\u0430\u043f\u043e\u0432\u043d\u0438\u0442\u0438 \u043d\u0435\u0434\u043e\u043b\u0456\u043a\u0438 \u043d\u0430 \u0431\u0430\u0437\u043e\u0432\u043e\u043c\u0443 \u0440\u0456\u0432\u043d\u0456 \u0442\u0430 \u043f\u0456\u0434\u0433\u043e\u0442\u0443\u0432\u0430\u043b\u043e \u043c\u0435\u043d\u0435 \u0434\u043e \u0440\u043e\u0437\u0448\u0438\u0440\u0435\u043d\u043e\u0457 \u043c\u0430\u0442\u0443\u0440\u0438 \u0437 \u043f\u043e\u043b\u044c\u0441\u044c\u043a\u043e\u0457 \u043c\u043e\u0432\u0438. \u041f\u0440\u043e\u0442\u044f\u0433\u043e\u043c \u0443\u0441\u044c\u043e\u0433\u043e \u0446\u044c\u043e\u0433\u043e \u043f\u0435\u0440\u0456\u043e\u0434\u0443 \u043c\u0438 \u0437\u0443\u0441\u0442\u0440\u0456\u0447\u0430\u043b\u0438\u0441\u044f \u043d\u0430 \u043e\u043d\u043b\u0430\u0439\u043d-\u0443\u0440\u043e\u043a\u0430\u0445, \u043d\u0430 \u0441\u044c\u043e\u0433\u043e\u0434\u043d\u0456\u0448\u043d\u0456\u0439 \u0434\u0435\u043d\u044c \u0446\u0435 \u043d\u0430\u0439\u0437\u0440\u0443\u0447\u043d\u0456\u0448\u0430 \u0456 \u043d\u0430\u0439\u0431\u0456\u043b\u044c\u0448 \u043b\u043e\u0433\u0456\u0447\u043d\u0430 \u0444\u043e\u0440\u043c\u0430 \u043f\u0440\u043e\u0432\u0435\u0434\u0435\u043d\u043d\u044f \u0437\u0430\u043d\u044f\u0442\u044c, \u0444\u0456\u0437\u0438\u0447\u043d\u0430 \u043f\u0440\u0438\u0441\u0443\u0442\u043d\u0456\u0441\u0442\u044c \u0432\u0447\u0438\u0442\u0435\u043b\u044f \u043f\u043e\u0440\u0443\u0447 \u0437 \u043d\u0430\u043c\u0438, \u0430\u0431\u043e \u0439\u043e\u0433\u043e \u0432\u0456\u0434\u0441\u0443\u0442\u043d\u0456\u0441\u0442\u044c, \u043d\u0435 \u0432\u043f\u043b\u0438\u0432\u0430\u0454 \u043d\u0435\u0433\u0430\u0442\u0438\u0432\u043d\u043e \u043d\u0430 \u0440\u0435\u0437\u0443\u043b\u044c\u0442\u0430\u0442\u0438 \u0440\u043e\u0431\u043e\u0442\u0438. \u042f \u0434\u0443\u0436\u0435 \u0440\u0435\u043a\u043e\u043c\u0435\u043d\u0434\u0443\u044e \u0437\u0430\u043d\u044f\u0442\u0442\u044f \u0437 \u0406\u0433\u043e\u044e, \u044f\u043a \u0440\u0435\u043f\u0435\u0442\u0438\u0442\u043e\u0440, \u0432\u043e\u043d\u0430 \u043d\u0430\u0434\u0456\u0439\u043d\u0430 \u0456 \u0437\u0430\u0432\u0436\u0434\u0438 \u0434\u043e\u0431\u0440\u0435 \u043f\u0456\u0434\u0433\u043e\u0442\u043e\u0432\u043b\u0435\u043d\u0430 \u200b\u200b\u0434\u043e \u0437\u0430\u043d\u044f\u0442\u044c, \u043c\u0430\u0454 \u0433\u043d\u0443\u0447\u043a\u0438\u0439 \u0433\u0440\u0430\u0444\u0456\u043a \u0440\u043e\u0431\u043e\u0442\u0438 \u0456 \u0433\u043e\u0442\u043e\u0432\u0430 \u0434\u043e\u043f\u043e\u043c\u043e\u0433\u0442\u0438 \u043d\u0430\u0432\u0456\u0442\u044c \u043f\u0456\u0441\u043b\u044f \u0437\u0430\u043d\u044f\u0442\u044c, \u043d\u0430\u043f\u0440\u0438\u043a\u043b\u0430\u0434, \u0437\u0432\u2019\u044f\u0437\u0430\u0432\u0448\u0438\u0441\u044c \u0447\u0435\u0440\u0435\u0437 Messenger. \u041b\u0435\u0433\u043a\u043e \u043f\u043e\u043c\u0456\u0442\u0438\u0442\u0438 \u0457\u0457 \u0432\u0435\u043b\u0438\u043a\u0435 \u0437\u0430\u0445\u043e\u043f\u043b\u0435\u043d\u043d\u044f \u043f\u043e\u043b\u044c\u0441\u044c\u043a\u043e\u044e \u043b\u0456\u0442\u0435\u0440\u0430\u0442\u0443\u0440\u043e\u044e \u0442\u0430 \u043a\u0443\u043b\u044c\u0442\u0443\u0440\u043e\u044e, \u0430 \u0449\u0435 \u043b\u0435\u0433\u0448\u0435 \u043f\u0435\u0440\u0435\u0439\u043d\u044f\u0442\u0438 \u0446\u0435 \u0432\u0456\u0434 \u043d\u0435\u0457 \ud83d\ude09\n                <\/p>\n            <\/div>\n        <\/div>\n        <div class=\"opinion fourth-opinion\">\n            <div class=\"opinion-header\">\u0420\u0430\u0444\u0430\u043b, 25 \u0442\u0440\u0430\u0432\u043d\u044f 2021 \u0440.<\/div>\n            <div class=\"opinion-text\">\n                <p class=\"has-text-align-justify has-background\">\n                    \u042f \u0431\u0430\u0442\u044c\u043a\u043e 15-\u0440\u0456\u0447\u043d\u043e\u0433\u043e \u044e\u043d\u0430\u043a\u0430, \u044f\u043a\u0438\u0439 \u0437\u0430\u0432\u0436\u0434\u0438 \u043c\u0430\u0432 \u043f\u0440\u043e\u0431\u043b\u0435\u043c\u0438 \u0437 \u043f\u043e\u043b\u044c\u0441\u044c\u043a\u043e\u044e \u043c\u043e\u0432\u043e\u044e. \u041d\u0430\u043f\u0438\u0441\u0430\u043d\u043d\u044f \u0435\u0441\u0435 \u0437\u0430\u0432\u0434\u0430\u0432\u0430\u043b\u043e \u0441\u0442\u0440\u0430\u0436\u0434\u0430\u043d\u043d\u044f \u0434\u0443\u0448\u0456 \u0439 \u0442\u0456\u043b\u0430. \u0417\u0430 7 \u043c\u0456\u0441\u044f\u0446\u0456\u0432 \u043f\u0430\u043d\u0456 \u0406\u0433\u0430 \u0437\u0440\u043e\u0431\u0438\u043b\u0430 \u043d\u0435\u043c\u043e\u0436\u043b\u0438\u0432\u0435. \u041c\u0456\u0439 \u0441\u0438\u043d \u043b\u0435\u0433\u043a\u043e \u043c\u043e\u0436\u0435 \u043d\u0430\u043f\u0438\u0441\u0430\u0442\u0438 2,3 \u0435\u0441\u0435 \u043d\u0430 \u0442\u0438\u0436\u0434\u0435\u043d\u044c \u0437 \u043f\u043e\u0441\u043c\u0456\u0448\u043a\u043e\u044e \u043d\u0430 \u043e\u0431\u043b\u0438\u0447\u0447\u0456 (\u044f \u043f\u0435\u0440\u0435\u0431\u0456\u043b\u044c\u0448\u0438\u0432 \u0437 \u0446\u0456\u0454\u044e \u043f\u043e\u0441\u043c\u0456\u0448\u043a\u043e\u044e) \ud83d\ude09 \u0417\u0430\u0432\u0434\u044f\u043a\u0438 \u0430\u0437\u0430\u0440\u0442\u0443 \u0442\u0430 \u043f\u043e\u0432\u043d\u043e\u043c\u0443 \u043f\u0440\u043e\u0444\u0435\u0441\u0456\u043e\u043d\u0430\u043b\u0456\u0437\u043c\u0443 \u043f\u0430\u043d\u0456 \u0406\u0433\u0438 \u0432\u0456\u043d \u0434\u0443\u0436\u0435 \u0434\u043e\u0431\u0440\u0435 \u043f\u0456\u0434\u0433\u043e\u0442\u0443\u0432\u0430\u0432\u0441\u044f \u0434\u043e \u0456\u0441\u043f\u0438\u0442\u0443 \u0443 \u0432\u043e\u0441\u044c\u043c\u043e\u043c\u0443 \u043a\u043b\u0430\u0441\u0456. \u0415\u043b\u0430\u0441\u0442\u0438\u0447\u043d\u0456\u0441\u0442\u044c \u0434\u0430\u0442 \u0442\u0430 \u0447\u0430\u0441\u0443 \u043d\u0430\u0432\u0447\u0430\u043d\u043d\u044f, \u0434\u043e\u0431\u0440\u0435 \u043f\u0456\u0434\u0433\u043e\u0442\u043e\u0432\u043b\u0435\u043d\u0456 \u043c\u0430\u0442\u0435\u0440\u0456\u0430\u043b\u0438, \u0444\u0430\u043d\u0442\u0430\u0441\u0442\u0438\u0447\u043d\u0456 \u0440\u0435\u0437\u0443\u043b\u044c\u0442\u0430\u0442\u0438 \u0441\u043f\u0456\u043b\u044c\u043d\u043e\u0457 \u0440\u043e\u0431\u043e\u0442\u0438 \u2013 \u0434\u0430\u044e\u0442\u044c \u043c\u0435\u043d\u0456 \u043f\u0440\u0430\u0432\u043e \u0437 \u0443\u0441\u0456\u0454\u044e \u0432\u0456\u0434\u043f\u043e\u0432\u0456\u0434\u0430\u043b\u044c\u043d\u0456\u0441\u0442\u044e \u0440\u0435\u043a\u043e\u043c\u0435\u043d\u0434\u0443\u0432\u0430\u0442\u0438 \u043f\u0430\u043d\u0456 \u0406\u0433\u0443.\n                <\/p>\n            <\/div>\n        <\/div>\n        <div class=\"opinion fifth-opinion\">\n            <div class=\"opinion-header\">Julia, 11 maja 2021<\/div>\n            <div class=\"opinion-text\">\n                <p class=\"has-text-align-justify has-background\">\n                    Iga przygotowywa\u0142a mnie do matury z j\u0119zyka polskiego na poziomie podstawowym i \n                    gdyby nie ona to ci\u0119\u017cko by by\u0142o bior\u0105c pod uwag\u0119 dzisiejsz\u0105 sytuacje . Jest \n                    bardzo elastyczna czasowo zawsze stara si\u0119 poszuka\u0107 dogodnego terminu czy \n                    godziny. Zaj\u0119cia prowadzone s\u0105 na wysokim poziomie . Przed zaj\u0119ciami wysy\u0142a \n                    mn\u00f3stwo notatek , plik\u00f3w dotycz\u0105cych danego zagadnienia ,kt\u00f3re si\u0119 uczycie czy \n                    powtarzacie. Ka\u017cde zadanie domowe kt\u00f3re zadaje dok\u0142adnie omawia, t\u0142umacz\u0105c. Tak\u017ce \n                    je\u015bli szukacie osoby , kt\u00f3ra was przygotuje na przyk\u0142ad do matury zar\u00f3wno \n                    podstawowej jak i rozszerzonej to ju\u017c wiecie kogo wybra\u0107 !\n                <\/p>\n            <\/div>\n        <\/div>\n        <div class=\"opinion sixth-opinion\">\n            <div class=\"opinion-header\">Miko\u0142aj, 4 maja 2021<\/div>\n            <div class=\"opinion-text\">\n                <p class=\"has-text-align-justify has-background\">\n                    Bardzo polecam zaj\u0119cia u Igi! Korki na poziomie podstawowym jak i rozszerzonym s\u0105 \n                    na bardzo wysokim poziomie, zawsze jest praca do zrobienia w domu, a wszystko w \n                    bardzo przyjemnej atmosferze. Przez kilkana\u015bcie miesi\u0119cy uda\u0142o nam si\u0119 rzetelnie \n                    przerobi\u0107 materia\u0142, naprawd\u0119 polecam!\n                <\/p>\n            <\/div>\n        <\/div>\n    <\/div>\n    <p class=\"has-text-align-justify has-background\"> \n        \u0425\u043e\u0447\u0435\u0448 \u0434\u0456\u0437\u043d\u0430\u0442\u0438\u0441\u044f \u043f\u0440\u043e \u043c\u0435\u043d\u0435 \u0431\u0456\u043b\u044c\u0448\u0435? \u041f\u0440\u043e\u0434\u043e\u0432\u0436\u0443\u0439 <a href=\"https:\/\/www.lekcjapolskiego.com\/uk\/\" class=\"creator\">\u0434\u043e\u043c\u0430\u0448\u043d\u044f \u0441\u0442\u043e\u0440\u0456\u043d\u043a\u0430<\/a>.\n    <\/p>\n<\/div>\n\n\n\n<p><\/p>","protected":false},"excerpt":{"rendered":"<p>Opinie&nbsp; Opinie Alina, 20 kwietnia 2022 Dzi\u0119ki Pani Idze mog\u0119 wi\u0119cej rozmawia\u0107 w j\u0119zyku polskim, gramatyka nie jest ju\u017c dla mnie taka straszna. Chc\u0119 pozna\u0107 j\u0119zyk polski bardziej tylko z Pani\u0105 Ig\u0105! Armida, 14 marca 2022 Pani Iga bardzo dok\u0142adnie t\u0142umaczy materia\u0142, daje starannie przygotowane notatki oraz mn\u00f3stwo zada\u0144, a tak\u017ce mo\u017cna ja o wszystko&hellip;&nbsp;<a href=\"https:\/\/www.lekcjapolskiego.com\/uk\/opinie\/\" class=\"\" rel=\"bookmark\">\u0427\u0438\u0442\u0430\u0442\u0438 \u0434\u0430\u043b\u0456 &raquo;<span class=\"screen-reader-text\">Opinie uczni\u00f3w oraz rodzic\u00f3w<\/span><\/a><\/p>","protected":false},"author":1,"featured_media":0,"parent":0,"menu_order":0,"comment_status":"closed","ping_status":"closed","template":"","meta":{"_monsterinsights_skip_tracking":false,"_monsterinsights_sitenote_active":false,"_monsterinsights_sitenote_note":"","_monsterinsights_sitenote_category":0,"neve_meta_sidebar":"","neve_meta_container":"","neve_meta_enable_content_width":"","neve_meta_content_width":0,"neve_meta_title_alignment":"","neve_meta_author_avatar":"","neve_post_elements_order":"","neve_meta_disable_header":"","neve_meta_disable_footer":"","neve_meta_disable_title":"on","footnotes":""},"aioseo_notices":[],"jetpack_sharing_enabled":true,"_links":{"self":[{"href":"https:\/\/www.lekcjapolskiego.com\/uk\/wp-json\/wp\/v2\/pages\/17"}],"collection":[{"href":"https:\/\/www.lekcjapolskiego.com\/uk\/wp-json\/wp\/v2\/pages"}],"about":[{"href":"https:\/\/www.lekcjapolskiego.com\/uk\/wp-json\/wp\/v2\/types\/page"}],"author":[{"embeddable":true,"href":"https:\/\/www.lekcjapolskiego.com\/uk\/wp-json\/wp\/v2\/users\/1"}],"replies":[{"embeddable":true,"href":"https:\/\/www.lekcjapolskiego.com\/uk\/wp-json\/wp\/v2\/comments?post=17"}],"version-history":[{"count":2,"href":"https:\/\/www.lekcjapolskiego.com\/uk\/wp-json\/wp\/v2\/pages\/17\/revisions"}],"predecessor-version":[{"id":502,"href":"https:\/\/www.lekcjapolskiego.com\/uk\/wp-json\/wp\/v2\/pages\/17\/revisions\/502"}],"wp:attachment":[{"href":"https:\/\/www.lekcjapolskiego.com\/uk\/wp-json\/wp\/v2\/media?parent=17"}],"curies":[{"name":"wp","href":"https:\/\/api.w.org\/{rel}","templated":true}]}}