{"id":22,"date":"2022-04-29T15:27:20","date_gmt":"2022-04-29T15:27:20","guid":{"rendered":"https:\/\/www.lekcjapolskiego.com\/?page_id=22"},"modified":"2022-05-06T15:53:15","modified_gmt":"2022-05-06T15:53:15","slug":"o-mnie","status":"publish","type":"page","link":"https:\/\/www.lekcjapolskiego.com\/uk\/","title":{"rendered":"\u041f\u0440\u043e \u043c\u0435\u043d\u0435"},"content":{"rendered":"<p class=\"has-text-align-justify first-paragraph\">kursy j\u0119zykowe&nbsp;<\/p>\n\n\n\n<div class=\"content-container has-background\">\n    <h2 class=\"has-background\">\u0414\u043e\u0431\u0440\u0438\u0439 \u0434\u0435\u043d\u044c! \u041f\u0440\u0438\u0432\u0456\u0442!<\/h2>\n    <div class=\"wp-block-image\">\n        <figure class=\"alignright size-full is-resized figure\">\n            <img loading=\"lazy\" decoding=\"async\" data-src=\"https:\/\/www.lekcjapolskiego.com\/wp-content\/uploads\/2022\/04\/iga.jpeg\" alt=\"Obrazek ma przyku\u0107 uwag\u0119 i zwr\u00f3ci\u0107 uwag\u0119 na profesjonalizm nauczycielki prowadz\u0105cej kursy j\u0119zykowe.\" class=\"wp-image-53 lazyload\" width=\"428\" height=\"570\" data-srcset=\"https:\/\/www.lekcjapolskiego.com\/wp-content\/uploads\/2022\/04\/iga.jpeg 720w, https:\/\/www.lekcjapolskiego.com\/wp-content\/uploads\/2022\/04\/iga-225x300.jpeg 225w\" data-sizes=\"(max-width: 428px) 100vw, 428px\" src=\"data:image\/gif;base64,R0lGODlhAQABAAAAACH5BAEKAAEALAAAAAABAAEAAAICTAEAOw==\" style=\"--smush-placeholder-width: 428px; --smush-placeholder-aspect-ratio: 428\/570;\" \/><noscript><img loading=\"lazy\" decoding=\"async\" src=\"https:\/\/www.lekcjapolskiego.com\/wp-content\/uploads\/2022\/04\/iga.jpeg\" alt=\"Obrazek ma przyku\u0107 uwag\u0119 i zwr\u00f3ci\u0107 uwag\u0119 na profesjonalizm nauczycielki prowadz\u0105cej kursy j\u0119zykowe.\" class=\"wp-image-53\" width=\"428\" height=\"570\" srcset=\"https:\/\/www.lekcjapolskiego.com\/wp-content\/uploads\/2022\/04\/iga.jpeg 720w, https:\/\/www.lekcjapolskiego.com\/wp-content\/uploads\/2022\/04\/iga-225x300.jpeg 225w\" sizes=\"(max-width: 428px) 100vw, 428px\" \/><\/noscript>\n        <\/figure>\n    <\/div>\n    <p class=\"has-text-align-justify has-background\">\n        \u0427\u0438 \u0445\u043e\u0442\u0456\u043b\u0438 \u0431 \u0432\u0438 \u043f\u043e\u043a\u0440\u0430\u0449\u0438\u0442\u0438 \u0441\u0432\u043e\u044e \u043f\u043e\u043b\u044c\u0441\u044c\u043a\u0443 \u043c\u043e\u0432\u0443? \u0412\u0430\u0441 \u043b\u044f\u043a\u0430\u044e\u0442\u044c \u0437\u0430\u043a\u0456\u043d\u0447\u0435\u043d\u043d\u044f \u043c\u0456\u0441\u0446\u0435\u0432\u043e\u0433\u043e \u0432\u0456\u0434\u043c\u0456\u043d\u043a\u0430? \u0411\u0430\u0436\u0430\u0454\u0442\u0435 \u0441\u043a\u043b\u0430\u0441\u0442\u0438 \u0414\u0435\u0440\u0436\u0430\u0432\u043d\u0438\u0439 \u0441\u0435\u0440\u0442\u0438\u0444\u0456\u043a\u0430\u0446\u0456\u0439\u043d\u0438\u0439 \u0456\u0441\u043f\u0438\u0442 \u0437 \u043f\u043e\u043b\u044c\u0441\u044c\u043a\u043e\u0457 \u043c\u043e\u0432\u0438? \u0410\u0440\u0433\u0443\u043c\u0435\u043d\u0442\u0438 \u0435\u0441\u0435 \u043d\u0435 \u0441\u043a\u043b\u0430\u0434\u0430\u044e\u0442\u044c\u0441\u044f \u0432 \u043e\u0434\u043d\u0435 \u0446\u0456\u043b\u0435? \u042f\u043a\u0449\u043e \u0442\u0430\u043a, \u0442\u043e \u00ab\u0423\u0440\u043e\u043a \u043f\u043e\u043b\u044c\u0441\u044c\u043a\u043e\u0457 \u043c\u043e\u0432\u0438\u00bb \u2013 \u043d\u0430\u0439\u043a\u0440\u0430\u0449\u0435 \u043c\u0456\u0441\u0446\u0435 \u0434\u043b\u044f \u0432\u0430\u0441, \u0434\u0435 \u0432\u0438 \u0437\u043d\u0430\u0439\u0434\u0435\u0442\u0435 \u0432\u0441\u0456 \u0432\u0456\u0434\u043f\u043e\u0432\u0456\u0434\u0456! \n    <\/p>\n    <p class=\"has-text-align-justify has-background\">\n        \u041c\u0435\u043d\u0435 \u0437\u0432\u0430\u0442\u0438 \u0406\u0433\u0430, \u044f <strong>\u0447\u0438\u0442\u0435\u043b\u044c\u043a\u0430 \u043f\u043e\u043b\u044c\u0441\u044c\u043a\u043e\u0457 \u043c\u043e\u0432\u0438<\/strong> \u0442\u0430 <strong>\u043f\u043e\u043b\u044c\u0441\u044c\u043a\u043e\u0457 \u043c\u043e\u0432\u0438 \u044f\u043a \u0456\u043d\u043e\u0437\u0435\u043c\u043d\u043e\u0457<\/strong>. \n        \u042f \u0441\u043f\u0456\u0432\u043f\u0440\u0430\u0446\u044e\u044e \u0437 \u041a\u0440\u0430\u043a\u0456\u0432\u0441\u044c\u043a\u043e\u044e \u0441\u0435\u0440\u0435\u0434\u043d\u044c\u043e\u044e \u0448\u043a\u043e\u043b\u043e\u044e, \u0440\u0456\u0437\u043d\u0438\u043c\u0438 \u043c\u043e\u0432\u043d\u0438\u043c\u0438 \u0448\u043a\u043e\u043b\u0430\u043c\u0438 \u0456 \u0434\u0430\u044e \u043f\u0440\u0438\u0432\u0430\u0442\u043d\u0456 \u0443\u0440\u043e\u043a\u0438 \u0431\u0456\u043b\u044c\u0448\u0435 3 \u0440\u043e\u043a\u0456\u0432. \n    <\/p>\n    <p class=\"has-text-align-justify has-background\">\n        \u042f <strong>\u0434\u0432\u0430 \u0440\u0430\u0437\u0438 \u041c\u0430\u0433\u0456\u0441\u0442\u0440<\/strong>. \u0437\u0430\u043a\u0456\u043d\u0447\u0438\u043b\u0430 \u0437 \u0432\u0456\u0434\u0437\u043d\u0430\u043a\u043e\u044e <strong>\u043f\u043e\u043b\u044c\u0441\u044c\u043a\u0443 \u0444\u0456\u043b\u043e\u043b\u043e\u0433\u0456\u044e<\/strong> \u0442\u0430 <strong>\u0432\u0438\u043a\u043b\u0430\u0434\u0430\u043d\u043d\u044f \u043f\u043e\u043b\u044c\u0441\u044c\u043a\u043e\u0457 \u043c\u043e\u0432\u0438<\/strong> \u044f\u043a \u0456\u043d\u043e\u0437\u0435\u043c\u043d\u043e\u0457 \u0432 <strong>\u042f\u0433\u0435\u043b\u043b\u043e\u043d\u0441\u044c\u043a\u043e\u043c\u0443 \u0443\u043d\u0456\u0432\u0435\u0440\u0441\u0438\u0442\u0435\u0442\u0456<\/strong> \u0443 2021 \u0440\u043e\u0446\u0456. \u0423 \u0432\u0435\u0440\u0435\u0441\u043d\u0456 \u044f \u043f\u0435\u0440\u0435\u0442\u0432\u043e\u0440\u0438\u043b\u0430 \u0441\u0432\u043e\u0457 \u043c\u0440\u0456\u0457 \u043d\u0430 \u0434\u0456\u0457, \u0456 \u0442\u0430\u043a \u0432\u0438\u043d\u0438\u043a <strong>\u00ab\u0423\u0440\u043e\u043a \u043f\u043e\u043b\u044c\u0441\u044c\u043a\u043e\u0457 \u043c\u043e\u0432\u0438\u00bb.<\/strong>. \n    <\/p>\n    <p class=\"has-text-align-justify has-background\"> \n        \u0423 \u0440\u043e\u0431\u043e\u0442\u0456 \u0437 \u0456\u043d\u0448\u0438\u043c\u0438 \u044f \u0437\u0430\u0432\u0436\u0434\u0438 \u043e\u0440\u0456\u0454\u043d\u0442\u0443\u044e\u0441\u044f \u043d\u0430 \u0440\u0456\u0437\u043d\u043e\u043c\u0430\u043d\u0456\u0442\u043d\u0456\u0441\u0442\u044c \u0442\u0430 \u0456\u043d\u0434\u0438\u0432\u0456\u0434\u0443\u0430\u043b\u044c\u043d\u0438\u0439 \u043f\u0456\u0434\u0445\u0456\u0434 \u0434\u043e \u0443\u0447\u043d\u044f. \u041f\u0440\u0438\u0441\u043b\u0443\u0445\u0430\u044e\u0447\u0438\u0441\u044c \u0434\u043e \u0439\u043e\u0433\u043e \u0434\u0443\u043c\u043e\u043a, \u043c\u043e\u0436\u043d\u0430 \u043f\u043e\u0431\u0443\u0434\u0443\u0432\u0430\u0442\u0438 \u0443\u043d\u0456\u043a\u0430\u043b\u044c\u043d\u0438\u0439 \u0437\u0432\u2019\u044f\u0437\u043e\u043a \u0437 \u0456\u043d\u0448\u043e\u044e \u043b\u044e\u0434\u0438\u043d\u043e\u044e (\u0446\u0435 \u0432\u0430\u0436\u043b\u0438\u0432\u043e \u0432 \u043d\u0430\u0432\u0447\u0430\u043b\u044c\u043d\u043e\u043c\u0443 \u043f\u0440\u043e\u0446\u0435\u0441\u0456). \u0411\u0435\u0437\u043f\u0435\u0440\u0435\u0447\u043d\u043e, \u0446\u0435 \u0442\u0430\u043a\u043e\u0436 \u0432\u043f\u043b\u0438\u0432\u0430\u0454 \u043d\u0430 \u0430\u0442\u043c\u043e\u0441\u0444\u0435\u0440\u0443 \u0443\u0440\u043e\u043a\u0443. \n    <\/p>\n    <p class=\"has-text-align-justify has-background\">\n        \u042f \u043f\u0440\u043e\u0432\u043e\u0436\u0443 \u0434\u043e\u0434\u0430\u0442\u043a\u043e\u0432\u0456 \u0437\u0430\u043d\u044f\u0442\u0442\u044f (\u043e\u043d\u043b\u0430\u0439\u043d \u0430\u0431\u043e \u0441\u0442\u0430\u0446\u0456\u043e\u043d\u0430\u0440\u043d\u0456 \u0432 \u041a\u0440\u0430\u043a\u043e\u0432\u0456) \u043d\u0430 \u0440\u0456\u0432\u043d\u0456 \u043f\u043e\u0447\u0430\u0442\u043a\u043e\u0432\u043e\u0457 \u0442\u0430 \u0441\u0435\u0440\u0435\u0434\u043d\u044c\u043e\u0457 \u0448\u043a\u043e\u043b\u0438, \u0432\u043a\u043b\u044e\u0447\u0430\u044e\u0447\u0438 \u043f\u0456\u0434\u0433\u043e\u0442\u043e\u0432\u043a\u0443 \u0434\u043e \u0432\u0438\u043f\u0443\u0441\u043a\u043d\u0438\u0445 \u0456\u0441\u043f\u0438\u0442\u0456\u0432 (\u0431\u0430\u0437\u043e\u0432\u0430 \u0442\u0430 \u0440\u043e\u0437\u0448\u0438\u0440\u0435\u043d\u0430 \u043c\u0430\u0442\u0443\u0440\u0430), \u043d\u0430\u0432\u0447\u0430\u043d\u043d\u044f \u0432 \u0412\u041d\u0417 \u0442\u0430 \u043f\u0440\u0435\u0434\u043c\u0435\u0442\u043d\u0438\u0445 \u043a\u043e\u043d\u043a\u0443\u0440\u0441\u0456\u0432 (\u0434\u043e\u043a\u043b\u0430\u0434\u043d\u0456\u0448\u0435: \n        <a href=\"https:\/\/www.lekcjapolskiego.com\/uk\/oferta\/#section1\" class=\"creator\"> \u041f\u0440\u043e\u043f\u043e\u0437\u0438\u0446\u0456\u044f <i class=\"fa fa-arrow-right\"><\/i> \u0406\u043d\u0434\u0438\u0432\u0456\u0434\u0443\u0430\u043b\u044c\u043d\u0456 \u0443\u0440\u043e\u043a\u0438 \u043f\u043e\u043b\u044c\u0441\u044c\u043a\u043e\u0457 \u043c\u043e\u0432\u0438<\/a>).\n    <\/p>\n    <p class=\"has-text-align-justify has-background\">\n        \u041a\u0440\u0456\u043c \u0442\u043e\u0433\u043e, \u044f\u043a \u0435\u043a\u0437\u0430\u043c\u0435\u043d\u0430\u0442\u043e\u0440, \u044f \u0441\u043f\u0435\u0446\u0456\u0430\u043b\u0456\u0437\u0443\u044e\u0441\u044f \u043d\u0430 \u043e\u0440\u0433\u0430\u043d\u0456\u0437\u0430\u0446\u0456\u0457 \u043a\u0443\u0440\u0441\u0456\u0432 \u0442\u0430 \u0456\u043d\u0434\u0438\u0432\u0456\u0434\u0443\u0430\u043b\u044c\u043d\u0438\u0445 \u0437\u0430\u043d\u044f\u0442\u044c (\u043e\u043d\u043b\u0430\u0439\u043d \u0430\u0431\u043e \u0441\u0442\u0430\u0446\u0456\u043e\u043d\u0430\u0440\u043d\u0438\u0445 \u0443 \u041a\u0440\u0430\u043a\u043e\u0432\u0456) \u0437 \u043f\u0456\u0434\u0433\u043e\u0442\u043e\u0432\u043a\u0438 \u0434\u043e \u0441\u0435\u0440\u0442\u0438\u0444\u0456\u043a\u0430\u0446\u0456\u0439\u043d\u0438\u0445 \u0456\u0441\u043f\u0438\u0442\u0456\u0432 \u0437 \u043f\u043e\u043b\u044c\u0441\u044c\u043a\u043e\u0457 \u043c\u043e\u0432\u0438 \u043d\u0430 \u043a\u043e\u0436\u043d\u043e\u043c\u0443 \u043c\u043e\u0432\u043d\u043e\u043c\u0443 \u0440\u0456\u0432\u043d\u0456 (A1, A2, B1, B2, C1, C2) (\u0434\u043e\u043a\u043b\u0430\u0434\u043d\u0456\u0448\u0435: <a href=\"https:\/\/www.lekcjapolskiego.com\/uk\/oferta\/#section2\" class=\"creator\">\u041f\u0440\u043e\u043f\u043e\u0437\u0438\u0446\u0456\u044f <i class=\"fa fa-arrow-right\"><\/i> \n        \u0423\u0440\u043e\u043a\u0438 \u043f\u043e\u043b\u044c\u0441\u044c\u043a\u043e\u0457 \u043c\u043e\u0432\u0438 \u044f\u043a \u0456\u043d\u043e\u0437\u0435\u043c\u043d\u043e\u0457<\/a>).\n    <\/p>\n    <p class=\"has-text-align-justify has-background\">\n        \u0429\u0438\u0440\u043e \u0437\u0430\u043f\u0440\u043e\u0448\u0443\u044e \u0432\u0430\u0441 \u043d\u0430 \u0443\u0440\u043e\u043a \u043f\u043e\u043b\u044c\u0441\u044c\u043a\u043e\u0457 \u043c\u043e\u0432\u0438!\n    <\/p>\n<\/div>","protected":false},"excerpt":{"rendered":"<p>kursy j\u0119zykowe&nbsp; Dzie\u0144 dobry! Cze\u015b\u0107! Chcia\u0142by\u015b\/ Chcia\u0142aby\u015b poprawi\u0107 sw\u00f3j polski? Ko\u0144c\u00f3wki miejscownika przera\u017caj\u0105 Ci\u0119? Chcesz zda\u0107 Pa\u0144stwowy Egzamin Certyfikatowy z J\u0119zyka Polskiego? Argumenty rozprawki nie uk\u0142adaj\u0105 si\u0119 w jedn\u0105 ca\u0142o\u015b\u0107? Je\u015bli tak, to &#8222;Lekcja polskiego&#8221; to najlepsze miejsce dla Ciebie, w kt\u00f3rym znajdziesz wszystkie odpowiedzi! Mam na imi\u0119 Iga i jestem nauczycielk\u0105 j\u0119zyka polskiego oraz&hellip;&nbsp;<a href=\"https:\/\/www.lekcjapolskiego.com\/uk\/\" class=\"\" rel=\"bookmark\">\u0427\u0438\u0442\u0430\u0442\u0438 \u0434\u0430\u043b\u0456 &raquo;<span class=\"screen-reader-text\">\u041f\u0440\u043e \u043c\u0435\u043d\u0435<\/span><\/a><\/p>","protected":false},"author":1,"featured_media":0,"parent":0,"menu_order":0,"comment_status":"closed","ping_status":"closed","template":"","meta":{"_monsterinsights_skip_tracking":false,"_monsterinsights_sitenote_active":false,"_monsterinsights_sitenote_note":"","_monsterinsights_sitenote_category":0,"neve_meta_sidebar":"full-width","neve_meta_container":"default","neve_meta_enable_content_width":"on","neve_meta_content_width":100,"neve_meta_title_alignment":"left","neve_meta_author_avatar":"","neve_post_elements_order":"","neve_meta_disable_header":"","neve_meta_disable_footer":"","neve_meta_disable_title":"on","footnotes":""},"aioseo_notices":[],"jetpack_sharing_enabled":true,"_links":{"self":[{"href":"https:\/\/www.lekcjapolskiego.com\/uk\/wp-json\/wp\/v2\/pages\/22"}],"collection":[{"href":"https:\/\/www.lekcjapolskiego.com\/uk\/wp-json\/wp\/v2\/pages"}],"about":[{"href":"https:\/\/www.lekcjapolskiego.com\/uk\/wp-json\/wp\/v2\/types\/page"}],"author":[{"embeddable":true,"href":"https:\/\/www.lekcjapolskiego.com\/uk\/wp-json\/wp\/v2\/users\/1"}],"replies":[{"embeddable":true,"href":"https:\/\/www.lekcjapolskiego.com\/uk\/wp-json\/wp\/v2\/comments?post=22"}],"version-history":[{"count":0,"href":"https:\/\/www.lekcjapolskiego.com\/uk\/wp-json\/wp\/v2\/pages\/22\/revisions"}],"wp:attachment":[{"href":"https:\/\/www.lekcjapolskiego.com\/uk\/wp-json\/wp\/v2\/media?parent=22"}],"curies":[{"name":"wp","href":"https:\/\/api.w.org\/{rel}","templated":true}]}}